{"id":4807,"date":"2025-09-29T19:03:45","date_gmt":"2025-09-29T19:03:45","guid":{"rendered":"https:\/\/benefiq.ca\/partenariat-creneaux\/"},"modified":"2025-09-30T20:20:42","modified_gmt":"2025-09-30T20:20:42","slug":"partenariat-creneaux","status":"publish","type":"page","link":"https:\/\/benefiq.ca\/en\/partenariat-creneaux\/","title":{"rendered":"Partenariat cr\u00e9neaux"},"content":{"rendered":"","protected":false},"excerpt":{"rendered":"","protected":false},"author":12,"featured_media":0,"parent":0,"menu_order":0,"comment_status":"closed","ping_status":"closed","template":"","meta":{"_acf_changed":false,"footnotes":""},"class_list":["post-4807","page","type-page","status-publish"],"acf":[],"yoast_head":"<!-- This site is optimized with the Yoast SEO plugin v23.9 - https:\/\/yoast.com\/wordpress\/plugins\/seo\/ -->\n<title>Partenariat cr\u00e9neaux - B\u00c9N\u00c9FIQ - Rendez-vous international sur les ingr\u00e9dients et aliments sant\u00e9<\/title>\n<meta name=\"robots\" content=\"index, follow, max-snippet:-1, max-image-preview:large, max-video-preview:-1\" \/>\n<link rel=\"canonical\" href=\"https:\/\/benefiq.ca\/en\/partenariat-creneaux\/\" \/>\n<meta property=\"og:locale\" content=\"en_US\" \/>\n<meta property=\"og:type\" content=\"article\" \/>\n<meta property=\"og:title\" content=\"Partenariat cr\u00e9neaux - B\u00c9N\u00c9FIQ - Rendez-vous international sur les ingr\u00e9dients et aliments sant\u00e9\" \/>\n<meta property=\"og:url\" content=\"https:\/\/benefiq.ca\/en\/partenariat-creneaux\/\" \/>\n<meta property=\"og:site_name\" content=\"B\u00c9N\u00c9FIQ - Rendez-vous international sur les ingr\u00e9dients et aliments sant\u00e9\" \/>\n<meta property=\"article:publisher\" content=\"https:\/\/www.facebook.com\/BENEFIQExpo\" \/>\n<meta property=\"article:modified_time\" content=\"2025-09-30T20:20:42+00:00\" \/>\n<meta name=\"twitter:card\" content=\"summary_large_image\" \/>\n<meta name=\"twitter:site\" content=\"@BENEFIQ_Expo\" \/>\n<script type=\"application\/ld+json\" class=\"yoast-schema-graph\">{\"@context\":\"https:\/\/schema.org\",\"@graph\":[{\"@type\":\"WebPage\",\"@id\":\"https:\/\/benefiq.ca\/en\/partenariat-creneaux\/\",\"url\":\"https:\/\/benefiq.ca\/en\/partenariat-creneaux\/\",\"name\":\"Partenariat cr\u00e9neaux - B\u00c9N\u00c9FIQ - Rendez-vous international sur les ingr\u00e9dients et aliments sant\u00e9\",\"isPartOf\":{\"@id\":\"https:\/\/benefiq.ca\/en\/#website\"},\"datePublished\":\"2025-09-29T19:03:45+00:00\",\"dateModified\":\"2025-09-30T20:20:42+00:00\",\"breadcrumb\":{\"@id\":\"https:\/\/benefiq.ca\/en\/partenariat-creneaux\/#breadcrumb\"},\"inLanguage\":\"en-US\",\"potentialAction\":[{\"@type\":\"ReadAction\",\"target\":[\"https:\/\/benefiq.ca\/en\/partenariat-creneaux\/\"]}]},{\"@type\":\"BreadcrumbList\",\"@id\":\"https:\/\/benefiq.ca\/en\/partenariat-creneaux\/#breadcrumb\",\"itemListElement\":[{\"@type\":\"ListItem\",\"position\":1,\"name\":\"Accueil\",\"item\":\"https:\/\/benefiq.ca\/en\/\"},{\"@type\":\"ListItem\",\"position\":2,\"name\":\"Partenariat cr\u00e9neaux\"}]},{\"@type\":\"WebSite\",\"@id\":\"https:\/\/benefiq.ca\/en\/#website\",\"url\":\"https:\/\/benefiq.ca\/en\/\",\"name\":\"B\u00c9N\u00c9FIQ - Rendez-vous international sur les ingr\u00e9dients et aliments sant\u00e9\",\"description\":\"B\u00c9N\u00c9FIQ est un \u00e9v\u00e9nement incontournable qui suscite une synergie entre les scientifiques et les professionnels des secteurs du bioalimentaire et de la sant\u00e9. Cette 5e \u00e9dition se construit avec des partenaires engag\u00e9s issus des secteurs acad\u00e9miques, industriels, gouvernementaux et \u00e9conomiques.\",\"publisher\":{\"@id\":\"https:\/\/benefiq.ca\/en\/#organization\"},\"potentialAction\":[{\"@type\":\"SearchAction\",\"target\":{\"@type\":\"EntryPoint\",\"urlTemplate\":\"https:\/\/benefiq.ca\/en\/?s={search_term_string}\"},\"query-input\":{\"@type\":\"PropertyValueSpecification\",\"valueRequired\":true,\"valueName\":\"search_term_string\"}}],\"inLanguage\":\"en-US\"},{\"@type\":\"Organization\",\"@id\":\"https:\/\/benefiq.ca\/en\/#organization\",\"name\":\"B\u00c9N\u00c9FIQ - Rendez-vous international sur les ingr\u00e9dients et aliments sant\u00e9\",\"url\":\"https:\/\/benefiq.ca\/en\/\",\"logo\":{\"@type\":\"ImageObject\",\"inLanguage\":\"en-US\",\"@id\":\"https:\/\/benefiq.ca\/en\/#\/schema\/logo\/image\/\",\"url\":\"https:\/\/benefiq.ca\/wp-content\/uploads\/2022\/08\/BENEFIQ-2023-logo-couleur-e1661261990257.png\",\"contentUrl\":\"https:\/\/benefiq.ca\/wp-content\/uploads\/2022\/08\/BENEFIQ-2023-logo-couleur-e1661261990257.png\",\"width\":416,\"height\":58,\"caption\":\"B\u00c9N\u00c9FIQ - Rendez-vous international sur les ingr\u00e9dients et aliments sant\u00e9\"},\"image\":{\"@id\":\"https:\/\/benefiq.ca\/en\/#\/schema\/logo\/image\/\"},\"sameAs\":[\"https:\/\/www.facebook.com\/BENEFIQExpo\",\"https:\/\/x.com\/BENEFIQ_Expo\"]}]}<\/script>\n<!-- \/ Yoast SEO plugin. -->","yoast_head_json":{"title":"Partenariat cr\u00e9neaux - B\u00c9N\u00c9FIQ - Rendez-vous international sur les ingr\u00e9dients et aliments sant\u00e9","robots":{"index":"index","follow":"follow","max-snippet":"max-snippet:-1","max-image-preview":"max-image-preview:large","max-video-preview":"max-video-preview:-1"},"canonical":"https:\/\/benefiq.ca\/en\/partenariat-creneaux\/","og_locale":"en_US","og_type":"article","og_title":"Partenariat cr\u00e9neaux - B\u00c9N\u00c9FIQ - Rendez-vous international sur les ingr\u00e9dients et aliments sant\u00e9","og_url":"https:\/\/benefiq.ca\/en\/partenariat-creneaux\/","og_site_name":"B\u00c9N\u00c9FIQ - Rendez-vous international sur les ingr\u00e9dients et aliments sant\u00e9","article_publisher":"https:\/\/www.facebook.com\/BENEFIQExpo","article_modified_time":"2025-09-30T20:20:42+00:00","twitter_card":"summary_large_image","twitter_site":"@BENEFIQ_Expo","schema":{"@context":"https:\/\/schema.org","@graph":[{"@type":"WebPage","@id":"https:\/\/benefiq.ca\/en\/partenariat-creneaux\/","url":"https:\/\/benefiq.ca\/en\/partenariat-creneaux\/","name":"Partenariat cr\u00e9neaux - B\u00c9N\u00c9FIQ - Rendez-vous international sur les ingr\u00e9dients et aliments sant\u00e9","isPartOf":{"@id":"https:\/\/benefiq.ca\/en\/#website"},"datePublished":"2025-09-29T19:03:45+00:00","dateModified":"2025-09-30T20:20:42+00:00","breadcrumb":{"@id":"https:\/\/benefiq.ca\/en\/partenariat-creneaux\/#breadcrumb"},"inLanguage":"en-US","potentialAction":[{"@type":"ReadAction","target":["https:\/\/benefiq.ca\/en\/partenariat-creneaux\/"]}]},{"@type":"BreadcrumbList","@id":"https:\/\/benefiq.ca\/en\/partenariat-creneaux\/#breadcrumb","itemListElement":[{"@type":"ListItem","position":1,"name":"Accueil","item":"https:\/\/benefiq.ca\/en\/"},{"@type":"ListItem","position":2,"name":"Partenariat cr\u00e9neaux"}]},{"@type":"WebSite","@id":"https:\/\/benefiq.ca\/en\/#website","url":"https:\/\/benefiq.ca\/en\/","name":"B\u00c9N\u00c9FIQ - Rendez-vous international sur les ingr\u00e9dients et aliments sant\u00e9","description":"B\u00c9N\u00c9FIQ est un \u00e9v\u00e9nement incontournable qui suscite une synergie entre les scientifiques et les professionnels des secteurs du bioalimentaire et de la sant\u00e9. Cette 5e \u00e9dition se construit avec des partenaires engag\u00e9s issus des secteurs acad\u00e9miques, industriels, gouvernementaux et \u00e9conomiques.","publisher":{"@id":"https:\/\/benefiq.ca\/en\/#organization"},"potentialAction":[{"@type":"SearchAction","target":{"@type":"EntryPoint","urlTemplate":"https:\/\/benefiq.ca\/en\/?s={search_term_string}"},"query-input":{"@type":"PropertyValueSpecification","valueRequired":true,"valueName":"search_term_string"}}],"inLanguage":"en-US"},{"@type":"Organization","@id":"https:\/\/benefiq.ca\/en\/#organization","name":"B\u00c9N\u00c9FIQ - Rendez-vous international sur les ingr\u00e9dients et aliments sant\u00e9","url":"https:\/\/benefiq.ca\/en\/","logo":{"@type":"ImageObject","inLanguage":"en-US","@id":"https:\/\/benefiq.ca\/en\/#\/schema\/logo\/image\/","url":"https:\/\/benefiq.ca\/wp-content\/uploads\/2022\/08\/BENEFIQ-2023-logo-couleur-e1661261990257.png","contentUrl":"https:\/\/benefiq.ca\/wp-content\/uploads\/2022\/08\/BENEFIQ-2023-logo-couleur-e1661261990257.png","width":416,"height":58,"caption":"B\u00c9N\u00c9FIQ - Rendez-vous international sur les ingr\u00e9dients et aliments sant\u00e9"},"image":{"@id":"https:\/\/benefiq.ca\/en\/#\/schema\/logo\/image\/"},"sameAs":["https:\/\/www.facebook.com\/BENEFIQExpo","https:\/\/x.com\/BENEFIQ_Expo"]}]}},"_links":{"self":[{"href":"https:\/\/benefiq.ca\/en\/wp-json\/wp\/v2\/pages\/4807","targetHints":{"allow":["GET"]}}],"collection":[{"href":"https:\/\/benefiq.ca\/en\/wp-json\/wp\/v2\/pages"}],"about":[{"href":"https:\/\/benefiq.ca\/en\/wp-json\/wp\/v2\/types\/page"}],"author":[{"embeddable":true,"href":"https:\/\/benefiq.ca\/en\/wp-json\/wp\/v2\/users\/12"}],"replies":[{"embeddable":true,"href":"https:\/\/benefiq.ca\/en\/wp-json\/wp\/v2\/comments?post=4807"}],"version-history":[{"count":4,"href":"https:\/\/benefiq.ca\/en\/wp-json\/wp\/v2\/pages\/4807\/revisions"}],"predecessor-version":[{"id":4850,"href":"https:\/\/benefiq.ca\/en\/wp-json\/wp\/v2\/pages\/4807\/revisions\/4850"}],"wp:attachment":[{"href":"https:\/\/benefiq.ca\/en\/wp-json\/wp\/v2\/media?parent=4807"}],"curies":[{"name":"wp","href":"https:\/\/api.w.org\/{rel}","templated":true}]}}