{"id":4354,"date":"2023-09-19T15:13:09","date_gmt":"2023-09-19T15:13:09","guid":{"rendered":"https:\/\/benefiq.ca\/toolbox\/ressources-des-sessions\/"},"modified":"2023-11-06T15:49:37","modified_gmt":"2023-11-06T15:49:37","slug":"resources-from-sessions-and-the-innovation-expo","status":"publish","type":"page","link":"https:\/\/benefiq.ca\/en\/toolbox\/resources-from-sessions-and-the-innovation-expo\/","title":{"rendered":"Resources from sessions and the Innovation Expo"},"content":{"rendered":"","protected":false},"excerpt":{"rendered":"","protected":false},"author":1,"featured_media":0,"parent":4038,"menu_order":1,"comment_status":"closed","ping_status":"closed","template":"","meta":{"_acf_changed":false,"footnotes":""},"class_list":["post-4354","page","type-page","status-publish"],"acf":[],"yoast_head":"<!-- This site is optimized with the Yoast SEO plugin v23.9 - https:\/\/yoast.com\/wordpress\/plugins\/seo\/ -->\n<title>Resources from sessions and the Innovation Expo - B\u00c9N\u00c9FIQ - Rendez-vous international sur les ingr\u00e9dients et aliments sant\u00e9<\/title>\n<meta name=\"robots\" content=\"index, follow, max-snippet:-1, max-image-preview:large, max-video-preview:-1\" \/>\n<link rel=\"canonical\" href=\"https:\/\/benefiq.ca\/en\/toolbox\/resources-from-sessions-and-the-innovation-expo\/\" \/>\n<meta property=\"og:locale\" content=\"en_US\" \/>\n<meta property=\"og:type\" content=\"article\" \/>\n<meta property=\"og:title\" content=\"Resources from sessions and the Innovation Expo - B\u00c9N\u00c9FIQ - Rendez-vous international sur les ingr\u00e9dients et aliments sant\u00e9\" \/>\n<meta property=\"og:url\" content=\"https:\/\/benefiq.ca\/en\/toolbox\/resources-from-sessions-and-the-innovation-expo\/\" \/>\n<meta property=\"og:site_name\" content=\"B\u00c9N\u00c9FIQ - Rendez-vous international sur les ingr\u00e9dients et aliments sant\u00e9\" \/>\n<meta property=\"article:publisher\" content=\"https:\/\/www.facebook.com\/BENEFIQExpo\" \/>\n<meta property=\"article:modified_time\" content=\"2023-11-06T15:49:37+00:00\" \/>\n<meta name=\"twitter:card\" content=\"summary_large_image\" \/>\n<meta name=\"twitter:site\" content=\"@BENEFIQ_Expo\" \/>\n<script type=\"application\/ld+json\" class=\"yoast-schema-graph\">{\"@context\":\"https:\/\/schema.org\",\"@graph\":[{\"@type\":\"WebPage\",\"@id\":\"https:\/\/benefiq.ca\/en\/toolbox\/resources-from-sessions-and-the-innovation-expo\/\",\"url\":\"https:\/\/benefiq.ca\/en\/toolbox\/resources-from-sessions-and-the-innovation-expo\/\",\"name\":\"Resources from sessions and the Innovation Expo - B\u00c9N\u00c9FIQ - Rendez-vous international sur les ingr\u00e9dients et aliments sant\u00e9\",\"isPartOf\":{\"@id\":\"https:\/\/benefiq.ca\/en\/#website\"},\"datePublished\":\"2023-09-19T15:13:09+00:00\",\"dateModified\":\"2023-11-06T15:49:37+00:00\",\"breadcrumb\":{\"@id\":\"https:\/\/benefiq.ca\/en\/toolbox\/resources-from-sessions-and-the-innovation-expo\/#breadcrumb\"},\"inLanguage\":\"en-US\",\"potentialAction\":[{\"@type\":\"ReadAction\",\"target\":[\"https:\/\/benefiq.ca\/en\/toolbox\/resources-from-sessions-and-the-innovation-expo\/\"]}]},{\"@type\":\"BreadcrumbList\",\"@id\":\"https:\/\/benefiq.ca\/en\/toolbox\/resources-from-sessions-and-the-innovation-expo\/#breadcrumb\",\"itemListElement\":[{\"@type\":\"ListItem\",\"position\":1,\"name\":\"Accueil\",\"item\":\"https:\/\/benefiq.ca\/en\/\"},{\"@type\":\"ListItem\",\"position\":2,\"name\":\"Toolbox\",\"item\":\"https:\/\/benefiq.ca\/en\/toolbox\/\"},{\"@type\":\"ListItem\",\"position\":3,\"name\":\"Resources from sessions and the Innovation Expo\"}]},{\"@type\":\"WebSite\",\"@id\":\"https:\/\/benefiq.ca\/en\/#website\",\"url\":\"https:\/\/benefiq.ca\/en\/\",\"name\":\"B\u00c9N\u00c9FIQ - Rendez-vous international sur les ingr\u00e9dients et aliments sant\u00e9\",\"description\":\"B\u00c9N\u00c9FIQ est un \u00e9v\u00e9nement incontournable qui suscite une synergie entre les scientifiques et les professionnels des secteurs du bioalimentaire et de la sant\u00e9. Cette 5e \u00e9dition se construit avec des partenaires engag\u00e9s issus des secteurs acad\u00e9miques, industriels, gouvernementaux et \u00e9conomiques.\",\"publisher\":{\"@id\":\"https:\/\/benefiq.ca\/en\/#organization\"},\"potentialAction\":[{\"@type\":\"SearchAction\",\"target\":{\"@type\":\"EntryPoint\",\"urlTemplate\":\"https:\/\/benefiq.ca\/en\/?s={search_term_string}\"},\"query-input\":{\"@type\":\"PropertyValueSpecification\",\"valueRequired\":true,\"valueName\":\"search_term_string\"}}],\"inLanguage\":\"en-US\"},{\"@type\":\"Organization\",\"@id\":\"https:\/\/benefiq.ca\/en\/#organization\",\"name\":\"B\u00c9N\u00c9FIQ - Rendez-vous international sur les ingr\u00e9dients et aliments sant\u00e9\",\"url\":\"https:\/\/benefiq.ca\/en\/\",\"logo\":{\"@type\":\"ImageObject\",\"inLanguage\":\"en-US\",\"@id\":\"https:\/\/benefiq.ca\/en\/#\/schema\/logo\/image\/\",\"url\":\"https:\/\/benefiq.ca\/wp-content\/uploads\/2022\/08\/BENEFIQ-2023-logo-couleur-e1661261990257.png\",\"contentUrl\":\"https:\/\/benefiq.ca\/wp-content\/uploads\/2022\/08\/BENEFIQ-2023-logo-couleur-e1661261990257.png\",\"width\":416,\"height\":58,\"caption\":\"B\u00c9N\u00c9FIQ - Rendez-vous international sur les ingr\u00e9dients et aliments sant\u00e9\"},\"image\":{\"@id\":\"https:\/\/benefiq.ca\/en\/#\/schema\/logo\/image\/\"},\"sameAs\":[\"https:\/\/www.facebook.com\/BENEFIQExpo\",\"https:\/\/x.com\/BENEFIQ_Expo\"]}]}<\/script>\n<!-- \/ Yoast SEO plugin. -->","yoast_head_json":{"title":"Resources from sessions and the Innovation Expo - B\u00c9N\u00c9FIQ - Rendez-vous international sur les ingr\u00e9dients et aliments sant\u00e9","robots":{"index":"index","follow":"follow","max-snippet":"max-snippet:-1","max-image-preview":"max-image-preview:large","max-video-preview":"max-video-preview:-1"},"canonical":"https:\/\/benefiq.ca\/en\/toolbox\/resources-from-sessions-and-the-innovation-expo\/","og_locale":"en_US","og_type":"article","og_title":"Resources from sessions and the Innovation Expo - B\u00c9N\u00c9FIQ - Rendez-vous international sur les ingr\u00e9dients et aliments sant\u00e9","og_url":"https:\/\/benefiq.ca\/en\/toolbox\/resources-from-sessions-and-the-innovation-expo\/","og_site_name":"B\u00c9N\u00c9FIQ - Rendez-vous international sur les ingr\u00e9dients et aliments sant\u00e9","article_publisher":"https:\/\/www.facebook.com\/BENEFIQExpo","article_modified_time":"2023-11-06T15:49:37+00:00","twitter_card":"summary_large_image","twitter_site":"@BENEFIQ_Expo","schema":{"@context":"https:\/\/schema.org","@graph":[{"@type":"WebPage","@id":"https:\/\/benefiq.ca\/en\/toolbox\/resources-from-sessions-and-the-innovation-expo\/","url":"https:\/\/benefiq.ca\/en\/toolbox\/resources-from-sessions-and-the-innovation-expo\/","name":"Resources from sessions and the Innovation Expo - B\u00c9N\u00c9FIQ - Rendez-vous international sur les ingr\u00e9dients et aliments sant\u00e9","isPartOf":{"@id":"https:\/\/benefiq.ca\/en\/#website"},"datePublished":"2023-09-19T15:13:09+00:00","dateModified":"2023-11-06T15:49:37+00:00","breadcrumb":{"@id":"https:\/\/benefiq.ca\/en\/toolbox\/resources-from-sessions-and-the-innovation-expo\/#breadcrumb"},"inLanguage":"en-US","potentialAction":[{"@type":"ReadAction","target":["https:\/\/benefiq.ca\/en\/toolbox\/resources-from-sessions-and-the-innovation-expo\/"]}]},{"@type":"BreadcrumbList","@id":"https:\/\/benefiq.ca\/en\/toolbox\/resources-from-sessions-and-the-innovation-expo\/#breadcrumb","itemListElement":[{"@type":"ListItem","position":1,"name":"Accueil","item":"https:\/\/benefiq.ca\/en\/"},{"@type":"ListItem","position":2,"name":"Toolbox","item":"https:\/\/benefiq.ca\/en\/toolbox\/"},{"@type":"ListItem","position":3,"name":"Resources from sessions and the Innovation Expo"}]},{"@type":"WebSite","@id":"https:\/\/benefiq.ca\/en\/#website","url":"https:\/\/benefiq.ca\/en\/","name":"B\u00c9N\u00c9FIQ - Rendez-vous international sur les ingr\u00e9dients et aliments sant\u00e9","description":"B\u00c9N\u00c9FIQ est un \u00e9v\u00e9nement incontournable qui suscite une synergie entre les scientifiques et les professionnels des secteurs du bioalimentaire et de la sant\u00e9. Cette 5e \u00e9dition se construit avec des partenaires engag\u00e9s issus des secteurs acad\u00e9miques, industriels, gouvernementaux et \u00e9conomiques.","publisher":{"@id":"https:\/\/benefiq.ca\/en\/#organization"},"potentialAction":[{"@type":"SearchAction","target":{"@type":"EntryPoint","urlTemplate":"https:\/\/benefiq.ca\/en\/?s={search_term_string}"},"query-input":{"@type":"PropertyValueSpecification","valueRequired":true,"valueName":"search_term_string"}}],"inLanguage":"en-US"},{"@type":"Organization","@id":"https:\/\/benefiq.ca\/en\/#organization","name":"B\u00c9N\u00c9FIQ - Rendez-vous international sur les ingr\u00e9dients et aliments sant\u00e9","url":"https:\/\/benefiq.ca\/en\/","logo":{"@type":"ImageObject","inLanguage":"en-US","@id":"https:\/\/benefiq.ca\/en\/#\/schema\/logo\/image\/","url":"https:\/\/benefiq.ca\/wp-content\/uploads\/2022\/08\/BENEFIQ-2023-logo-couleur-e1661261990257.png","contentUrl":"https:\/\/benefiq.ca\/wp-content\/uploads\/2022\/08\/BENEFIQ-2023-logo-couleur-e1661261990257.png","width":416,"height":58,"caption":"B\u00c9N\u00c9FIQ - Rendez-vous international sur les ingr\u00e9dients et aliments sant\u00e9"},"image":{"@id":"https:\/\/benefiq.ca\/en\/#\/schema\/logo\/image\/"},"sameAs":["https:\/\/www.facebook.com\/BENEFIQExpo","https:\/\/x.com\/BENEFIQ_Expo"]}]}},"_links":{"self":[{"href":"https:\/\/benefiq.ca\/en\/wp-json\/wp\/v2\/pages\/4354","targetHints":{"allow":["GET"]}}],"collection":[{"href":"https:\/\/benefiq.ca\/en\/wp-json\/wp\/v2\/pages"}],"about":[{"href":"https:\/\/benefiq.ca\/en\/wp-json\/wp\/v2\/types\/page"}],"author":[{"embeddable":true,"href":"https:\/\/benefiq.ca\/en\/wp-json\/wp\/v2\/users\/1"}],"replies":[{"embeddable":true,"href":"https:\/\/benefiq.ca\/en\/wp-json\/wp\/v2\/comments?post=4354"}],"version-history":[{"count":2,"href":"https:\/\/benefiq.ca\/en\/wp-json\/wp\/v2\/pages\/4354\/revisions"}],"predecessor-version":[{"id":4374,"href":"https:\/\/benefiq.ca\/en\/wp-json\/wp\/v2\/pages\/4354\/revisions\/4374"}],"up":[{"embeddable":true,"href":"https:\/\/benefiq.ca\/en\/wp-json\/wp\/v2\/pages\/4038"}],"wp:attachment":[{"href":"https:\/\/benefiq.ca\/en\/wp-json\/wp\/v2\/media?parent=4354"}],"curies":[{"name":"wp","href":"https:\/\/api.w.org\/{rel}","templated":true}]}}